{"id":646,"date":"2025-05-22T11:15:21","date_gmt":"2025-05-22T11:15:21","guid":{"rendered":"https:\/\/danielavm.es\/?page_id=646"},"modified":"2025-10-21T17:42:44","modified_gmt":"2025-10-21T17:42:44","slug":"about-daniela-vanegas-molina-diseno-de-producto","status":"publish","type":"page","link":"https:\/\/danielavm.es\/en\/about-daniela-vanegas-molina-diseno-de-producto\/","title":{"rendered":"About"},"content":{"rendered":"\t\t<div data-elementor-type=\"wp-page\" data-elementor-id=\"646\" class=\"elementor elementor-646\" data-elementor-post-type=\"page\">\n\t\t\t\t<div class=\"elementor-element elementor-element-1dc16e2 e-flex e-con-boxed e-con e-parent\" data-id=\"1dc16e2\" data-element_type=\"container\" data-e-type=\"container\">\n\t\t\t\t\t<div class=\"e-con-inner\">\n\t\t<div class=\"elementor-element elementor-element-6dff55a e-con-full e-flex e-con e-child\" data-id=\"6dff55a\" data-element_type=\"container\" data-e-type=\"container\">\n\t\t\t\t<div class=\"elementor-element elementor-element-9d7565d elementor-widget elementor-widget-heading\" data-id=\"9d7565d\" data-element_type=\"widget\" data-e-type=\"widget\" data-widget_type=\"heading.default\">\n\t\t\t\t<div class=\"elementor-widget-container\">\n\t\t\t\t\t<h2 class=\"elementor-heading-title elementor-size-default\"><a href=\"https:\/\/danielavm.es\/\">HOLA!!<\/a><\/h2>\t\t\t\t<\/div>\n\t\t\t\t<\/div>\n\t\t\t\t<div class=\"elementor-element elementor-element-a3f1faa elementor-widget elementor-widget-heading\" data-id=\"a3f1faa\" data-element_type=\"widget\" data-e-type=\"widget\" data-widget_type=\"heading.default\">\n\t\t\t\t<div class=\"elementor-widget-container\">\n\t\t\t\t\t<h2 class=\"elementor-heading-title elementor-size-default\"><a href=\"https:\/\/danielavm.es\/\">Soy Daniela Vanegas Molina.<\/a><\/h2>\t\t\t\t<\/div>\n\t\t\t\t<\/div>\n\t\t\t\t<div class=\"elementor-element elementor-element-3489ae1 elementor-widget elementor-widget-text-editor\" data-id=\"3489ae1\" data-element_type=\"widget\" data-e-type=\"widget\" data-widget_type=\"text-editor.default\">\n\t\t\t\t<div class=\"elementor-widget-container\">\n\t\t\t\t\t\t\t\t\t<p>Trabajo entre lo artesanal y lo contempor\u00e1neo. Me interesa entender c\u00f3mo los materiales, los procesos y las personas se conectan a trav\u00e9s de los objetos.<\/p>\n<p>Veo el dise\u00f1o como una forma de observar y hacer preguntas, de construir relaciones entre lo que usamos, c\u00f3mo lo hacemos y por qu\u00e9.<\/p>\n<p>Combino la experimentaci\u00f3n manual con herramientas digitales, intentando que cada proyecto tenga sentido y mantenga cierta sensibilidad en su proceso.<\/p>\n<p>Quiero seguir aprendiendo y colaborando con personas y estudios que compartan esta forma de mirar el dise\u00f1o.<\/p>\t\t\t\t\t\t\t\t<\/div>\n\t\t\t\t<\/div>\n\t\t\t\t<\/div>\n\t\t<div class=\"elementor-element elementor-element-d4d0f68 e-con-full e-flex e-con e-child\" data-id=\"d4d0f68\" data-element_type=\"container\" data-e-type=\"container\" data-settings=\"{&quot;background_background&quot;:&quot;slideshow&quot;,&quot;background_slideshow_gallery&quot;:[{&quot;id&quot;:1097,&quot;url&quot;:&quot;http:\\\/\\\/danielavm.es\\\/wp-content\\\/uploads\\\/2025\\\/05\\\/2249ed9b_0c55_496b_b9b8_48994032a01e_1_1_5x-scaled.webp&quot;},{&quot;id&quot;:1286,&quot;url&quot;:&quot;http:\\\/\\\/danielavm.es\\\/wp-content\\\/uploads\\\/2025\\\/05\\\/About-3.webp&quot;},{&quot;id&quot;:1285,&quot;url&quot;:&quot;http:\\\/\\\/danielavm.es\\\/wp-content\\\/uploads\\\/2025\\\/05\\\/About-4-scaled.webp&quot;},{&quot;id&quot;:1096,&quot;url&quot;:&quot;http:\\\/\\\/danielavm.es\\\/wp-content\\\/uploads\\\/2025\\\/05\\\/ce969adf_df03_4bf9_977a_e8539fd59208_1_5x-scaled.webp&quot;},{&quot;id&quot;:1284,&quot;url&quot;:&quot;http:\\\/\\\/danielavm.es\\\/wp-content\\\/uploads\\\/2025\\\/05\\\/About-5-scaled.webp&quot;},{&quot;id&quot;:1099,&quot;url&quot;:&quot;http:\\\/\\\/danielavm.es\\\/wp-content\\\/uploads\\\/2025\\\/05\\\/867d89f1_a0b4_40a6_9480_5120cf05ba3a_1_5x-scaled.webp&quot;},{&quot;id&quot;:1100,&quot;url&quot;:&quot;http:\\\/\\\/danielavm.es\\\/wp-content\\\/uploads\\\/2025\\\/05\\\/2f04fe95_7490_49a9_a625_86d9c752c8ec_1_1_5x-scaled.webp&quot;},{&quot;id&quot;:1287,&quot;url&quot;:&quot;http:\\\/\\\/danielavm.es\\\/wp-content\\\/uploads\\\/2025\\\/05\\\/About-2-scaled.webp&quot;},{&quot;id&quot;:1288,&quot;url&quot;:&quot;http:\\\/\\\/danielavm.es\\\/wp-content\\\/uploads\\\/2025\\\/05\\\/About-amaranto2.webp&quot;},{&quot;id&quot;:1289,&quot;url&quot;:&quot;http:\\\/\\\/danielavm.es\\\/wp-content\\\/uploads\\\/2025\\\/05\\\/about-amaranto.webp&quot;}],&quot;background_slideshow_slide_duration&quot;:1000,&quot;background_slideshow_transition_duration&quot;:2000,&quot;background_slideshow_loop&quot;:&quot;yes&quot;,&quot;background_slideshow_slide_transition&quot;:&quot;fade&quot;}\">\n\t\t\t\t<\/div>\n\t\t\t\t\t<\/div>\n\t\t\t\t<\/div>\n\t\t<div class=\"elementor-element elementor-element-7297150 elementor-hidden-mobile elementor-hidden-desktop elementor-hidden-tablet e-flex e-con-boxed e-con e-parent\" data-id=\"7297150\" data-element_type=\"container\" data-e-type=\"container\">\n\t\t\t\t\t<div class=\"e-con-inner\">\n\t\t<div class=\"elementor-element elementor-element-596cc00 e-con-full e-flex e-con e-child\" data-id=\"596cc00\" data-element_type=\"container\" data-e-type=\"container\">\n\t\t\t\t<div class=\"elementor-element elementor-element-7693ccb elementor-widget elementor-widget-heading\" data-id=\"7693ccb\" data-element_type=\"widget\" data-e-type=\"widget\" data-widget_type=\"heading.default\">\n\t\t\t\t<div class=\"elementor-widget-container\">\n\t\t\t\t\t<h2 class=\"elementor-heading-title elementor-size-default\">HOLA!!<\/h2>\t\t\t\t<\/div>\n\t\t\t\t<\/div>\n\t\t\t\t<div class=\"elementor-element elementor-element-aedbe70 elementor-widget elementor-widget-heading\" data-id=\"aedbe70\" data-element_type=\"widget\" data-e-type=\"widget\" data-widget_type=\"heading.default\">\n\t\t\t\t<div class=\"elementor-widget-container\">\n\t\t\t\t\t<h2 class=\"elementor-heading-title elementor-size-default\">Soy Daniela Vanegas Molina.<\/h2>\t\t\t\t<\/div>\n\t\t\t\t<\/div>\n\t\t\t\t<div class=\"elementor-element elementor-element-90de269 elementor-widget elementor-widget-text-editor\" data-id=\"90de269\" data-element_type=\"widget\" data-e-type=\"widget\" data-widget_type=\"text-editor.default\">\n\t\t\t\t<div class=\"elementor-widget-container\">\n\t\t\t\t\t\t\t\t\t<p>Tengo 24 a\u00f1os, nac\u00ed en Cali, Colombia. Desde mi infancia, he sentido una profunda curiosidad por descubrir el mundo y sus diversas culturas. Luego de analizar detenidamente los planes de estudio en varios pa\u00edses europeos, decid\u00ed realizar mis estudios universitarios en Granada, Espa\u00f1a, debido a que se alineaba perfectamente con mis expectativas. Actualmente, me encuentro cursando el \u00faltimo a\u00f1o de la carrera de Dise\u00f1o de Producto en la Escuela <a href=\"https:\/\/www.esada.es\/oferta-formativa\/grado-diseno-de-producto\" target=\"_blank\" rel=\"noopener\">Esada<\/a>.<\/p><p>Eleg\u00ed la disciplina del dise\u00f1o porque el arte ha sido mi pasi\u00f3n desde siempre. Desde temprana edad, se me inculc\u00f3 un fuerte aprecio por la expresi\u00f3n art\u00edstica y diversas formas de artesan\u00eda, lo cual ha enriquecido mi capacidad para comunicarme a trav\u00e9s del arte. Esta base s\u00f3lida me permite ahora disfrutar plenamente de aspectos esenciales del dise\u00f1o de <a href=\"https:\/\/danielavm.es\/proyectos-diseno-de-producto-daniela-vanegas-molina\/\">productos<\/a>, como lo es el proceso de prototipado.<\/p><p>Lo que m\u00e1s me apasiona de ser dise\u00f1adora de producto es la colaboraci\u00f3n con otros para crear soluciones que realmente marquen la diferencia.<\/p><p>Mi aspiraci\u00f3n es utilizar el dise\u00f1o como una herramienta para impactar positivamente en nuestra sociedad y contribuir con mis conocimientos a los dem\u00e1s.<\/p>\t\t\t\t\t\t\t\t<\/div>\n\t\t\t\t<\/div>\n\t\t\t\t<\/div>\n\t\t<div class=\"elementor-element elementor-element-025baa7 e-con-full e-flex e-con e-child\" data-id=\"025baa7\" data-element_type=\"container\" data-e-type=\"container\" data-settings=\"{&quot;background_background&quot;:&quot;slideshow&quot;,&quot;background_slideshow_gallery&quot;:[{&quot;id&quot;:1097,&quot;url&quot;:&quot;http:\\\/\\\/danielavm.es\\\/wp-content\\\/uploads\\\/2025\\\/05\\\/2249ed9b_0c55_496b_b9b8_48994032a01e_1_1_5x-scaled.webp&quot;},{&quot;id&quot;:1286,&quot;url&quot;:&quot;http:\\\/\\\/danielavm.es\\\/wp-content\\\/uploads\\\/2025\\\/05\\\/About-3.webp&quot;},{&quot;id&quot;:1285,&quot;url&quot;:&quot;http:\\\/\\\/danielavm.es\\\/wp-content\\\/uploads\\\/2025\\\/05\\\/About-4-scaled.webp&quot;},{&quot;id&quot;:1096,&quot;url&quot;:&quot;http:\\\/\\\/danielavm.es\\\/wp-content\\\/uploads\\\/2025\\\/05\\\/ce969adf_df03_4bf9_977a_e8539fd59208_1_5x-scaled.webp&quot;},{&quot;id&quot;:1284,&quot;url&quot;:&quot;http:\\\/\\\/danielavm.es\\\/wp-content\\\/uploads\\\/2025\\\/05\\\/About-5-scaled.webp&quot;},{&quot;id&quot;:1099,&quot;url&quot;:&quot;http:\\\/\\\/danielavm.es\\\/wp-content\\\/uploads\\\/2025\\\/05\\\/867d89f1_a0b4_40a6_9480_5120cf05ba3a_1_5x-scaled.webp&quot;},{&quot;id&quot;:1100,&quot;url&quot;:&quot;http:\\\/\\\/danielavm.es\\\/wp-content\\\/uploads\\\/2025\\\/05\\\/2f04fe95_7490_49a9_a625_86d9c752c8ec_1_1_5x-scaled.webp&quot;},{&quot;id&quot;:1287,&quot;url&quot;:&quot;http:\\\/\\\/danielavm.es\\\/wp-content\\\/uploads\\\/2025\\\/05\\\/About-2-scaled.webp&quot;},{&quot;id&quot;:1288,&quot;url&quot;:&quot;http:\\\/\\\/danielavm.es\\\/wp-content\\\/uploads\\\/2025\\\/05\\\/About-amaranto2.webp&quot;},{&quot;id&quot;:1289,&quot;url&quot;:&quot;http:\\\/\\\/danielavm.es\\\/wp-content\\\/uploads\\\/2025\\\/05\\\/about-amaranto.webp&quot;}],&quot;background_slideshow_slide_duration&quot;:1000,&quot;background_slideshow_transition_duration&quot;:2000,&quot;background_slideshow_loop&quot;:&quot;yes&quot;,&quot;background_slideshow_slide_transition&quot;:&quot;fade&quot;}\">\n\t\t\t\t<\/div>\n\t\t\t\t\t<\/div>\n\t\t\t\t<\/div>\n\t\t<div class=\"elementor-element elementor-element-7f0276d elementor-hidden-desktop elementor-hidden-tablet elementor-hidden-mobile e-flex e-con-boxed e-con e-parent\" data-id=\"7f0276d\" data-element_type=\"container\" data-e-type=\"container\">\n\t\t\t\t\t<div class=\"e-con-inner\">\n\t\t<div class=\"elementor-element elementor-element-a3fdcf1 e-con-full e-flex e-con e-child\" data-id=\"a3fdcf1\" data-element_type=\"container\" data-e-type=\"container\">\n\t\t\t\t<div class=\"elementor-element elementor-element-ddd8280 elementor-widget elementor-widget-heading\" data-id=\"ddd8280\" data-element_type=\"widget\" data-e-type=\"widget\" data-widget_type=\"heading.default\">\n\t\t\t\t<div class=\"elementor-widget-container\">\n\t\t\t\t\t<h2 class=\"elementor-heading-title elementor-size-default\">HOLA!!<\/h2>\t\t\t\t<\/div>\n\t\t\t\t<\/div>\n\t\t\t\t<div class=\"elementor-element elementor-element-5c2be64 elementor-widget elementor-widget-heading\" data-id=\"5c2be64\" data-element_type=\"widget\" data-e-type=\"widget\" data-widget_type=\"heading.default\">\n\t\t\t\t<div class=\"elementor-widget-container\">\n\t\t\t\t\t<h2 class=\"elementor-heading-title elementor-size-default\">Soy Daniela Vanegas Molina.<\/h2>\t\t\t\t<\/div>\n\t\t\t\t<\/div>\n\t\t\t\t<div class=\"elementor-element elementor-element-526a59a elementor-widget elementor-widget-text-editor\" data-id=\"526a59a\" data-element_type=\"widget\" data-e-type=\"widget\" data-widget_type=\"text-editor.default\">\n\t\t\t\t<div class=\"elementor-widget-container\">\n\t\t\t\t\t\t\t\t\t<p>Tengo 24 a\u00f1os, nac\u00ed en Cali, Colombia. Desde mi infancia, he sentido una profunda curiosidad por descubrir el mundo y sus diversas culturas. Luego de analizar detenidamente los planes de estudio en varios pa\u00edses europeos, decid\u00ed realizar mis estudios universitarios en Granada, Espa\u00f1a, debido a que se alineaba perfectamente con mis expectativas. Actualmente, me encuentro cursando el \u00faltimo a\u00f1o de la carrera de Dise\u00f1o de Producto en la Escuela <a href=\"https:\/\/www.esada.es\/oferta-formativa\/grado-diseno-de-producto\" target=\"_blank\" rel=\"noopener\">Esada<\/a>.<\/p><p>Eleg\u00ed la disciplina del dise\u00f1o porque el arte ha sido mi pasi\u00f3n desde siempre. Desde temprana edad, se me inculc\u00f3 un fuerte aprecio por la expresi\u00f3n art\u00edstica y diversas formas de artesan\u00eda, lo cual ha enriquecido mi capacidad para comunicarme a trav\u00e9s del arte. Esta base s\u00f3lida me permite ahora disfrutar plenamente de aspectos esenciales del dise\u00f1o de <a href=\"https:\/\/danielavm.es\/proyectos-diseno-de-producto-daniela-vanegas-molina\/\">productos<\/a>, como lo es el proceso de prototipado.<\/p><p>Lo que m\u00e1s me apasiona de ser dise\u00f1adora de producto es la colaboraci\u00f3n con otros para crear soluciones que realmente marquen la diferencia.<\/p><p>Mi aspiraci\u00f3n es utilizar el dise\u00f1o como una herramienta para impactar positivamente en nuestra sociedad y contribuir con mis conocimientos a los dem\u00e1s.<\/p>\t\t\t\t\t\t\t\t<\/div>\n\t\t\t\t<\/div>\n\t\t\t\t<\/div>\n\t\t<div class=\"elementor-element elementor-element-afad6f4 e-con-full e-flex e-con e-child\" data-id=\"afad6f4\" data-element_type=\"container\" data-e-type=\"container\" data-settings=\"{&quot;background_background&quot;:&quot;slideshow&quot;,&quot;background_slideshow_gallery&quot;:[{&quot;id&quot;:1097,&quot;url&quot;:&quot;http:\\\/\\\/danielavm.es\\\/wp-content\\\/uploads\\\/2025\\\/05\\\/2249ed9b_0c55_496b_b9b8_48994032a01e_1_1_5x-scaled.webp&quot;},{&quot;id&quot;:1286,&quot;url&quot;:&quot;http:\\\/\\\/danielavm.es\\\/wp-content\\\/uploads\\\/2025\\\/05\\\/About-3.webp&quot;},{&quot;id&quot;:1285,&quot;url&quot;:&quot;http:\\\/\\\/danielavm.es\\\/wp-content\\\/uploads\\\/2025\\\/05\\\/About-4-scaled.webp&quot;},{&quot;id&quot;:1096,&quot;url&quot;:&quot;http:\\\/\\\/danielavm.es\\\/wp-content\\\/uploads\\\/2025\\\/05\\\/ce969adf_df03_4bf9_977a_e8539fd59208_1_5x-scaled.webp&quot;},{&quot;id&quot;:1284,&quot;url&quot;:&quot;http:\\\/\\\/danielavm.es\\\/wp-content\\\/uploads\\\/2025\\\/05\\\/About-5-scaled.webp&quot;},{&quot;id&quot;:1099,&quot;url&quot;:&quot;http:\\\/\\\/danielavm.es\\\/wp-content\\\/uploads\\\/2025\\\/05\\\/867d89f1_a0b4_40a6_9480_5120cf05ba3a_1_5x-scaled.webp&quot;},{&quot;id&quot;:1100,&quot;url&quot;:&quot;http:\\\/\\\/danielavm.es\\\/wp-content\\\/uploads\\\/2025\\\/05\\\/2f04fe95_7490_49a9_a625_86d9c752c8ec_1_1_5x-scaled.webp&quot;},{&quot;id&quot;:1287,&quot;url&quot;:&quot;http:\\\/\\\/danielavm.es\\\/wp-content\\\/uploads\\\/2025\\\/05\\\/About-2-scaled.webp&quot;},{&quot;id&quot;:1288,&quot;url&quot;:&quot;http:\\\/\\\/danielavm.es\\\/wp-content\\\/uploads\\\/2025\\\/05\\\/About-amaranto2.webp&quot;},{&quot;id&quot;:1289,&quot;url&quot;:&quot;http:\\\/\\\/danielavm.es\\\/wp-content\\\/uploads\\\/2025\\\/05\\\/about-amaranto.webp&quot;}],&quot;background_slideshow_slide_duration&quot;:1000,&quot;background_slideshow_transition_duration&quot;:2000,&quot;background_slideshow_loop&quot;:&quot;yes&quot;,&quot;background_slideshow_slide_transition&quot;:&quot;fade&quot;}\">\n\t\t\t\t<\/div>\n\t\t\t\t\t<\/div>\n\t\t\t\t<\/div>\n\t\t\t\t<\/div>\n\t\t","protected":false},"excerpt":{"rendered":"<p>HOLA!! Soy Daniela Vanegas Molina. Trabajo entre lo artesanal y lo contempor\u00e1neo. Me interesa entender c\u00f3mo los materiales, los procesos y las personas se conectan a trav\u00e9s de los objetos. Veo el dise\u00f1o como una forma de observar y hacer preguntas, de construir relaciones entre lo que usamos, c\u00f3mo lo hacemos y por qu\u00e9. Combino [&hellip;]<\/p>\n","protected":false},"author":1,"featured_media":1097,"parent":0,"menu_order":0,"comment_status":"closed","ping_status":"closed","template":"elementor_header_footer","meta":{"footnotes":""},"class_list":["post-646","page","type-page","status-publish","has-post-thumbnail","hentry"],"_links":{"self":[{"href":"https:\/\/danielavm.es\/en\/wp-json\/wp\/v2\/pages\/646","targetHints":{"allow":["GET"]}}],"collection":[{"href":"https:\/\/danielavm.es\/en\/wp-json\/wp\/v2\/pages"}],"about":[{"href":"https:\/\/danielavm.es\/en\/wp-json\/wp\/v2\/types\/page"}],"author":[{"embeddable":true,"href":"https:\/\/danielavm.es\/en\/wp-json\/wp\/v2\/users\/1"}],"replies":[{"embeddable":true,"href":"https:\/\/danielavm.es\/en\/wp-json\/wp\/v2\/comments?post=646"}],"version-history":[{"count":187,"href":"https:\/\/danielavm.es\/en\/wp-json\/wp\/v2\/pages\/646\/revisions"}],"predecessor-version":[{"id":6586,"href":"https:\/\/danielavm.es\/en\/wp-json\/wp\/v2\/pages\/646\/revisions\/6586"}],"wp:featuredmedia":[{"embeddable":true,"href":"https:\/\/danielavm.es\/en\/wp-json\/wp\/v2\/media\/1097"}],"wp:attachment":[{"href":"https:\/\/danielavm.es\/en\/wp-json\/wp\/v2\/media?parent=646"}],"curies":[{"name":"wp","href":"https:\/\/api.w.org\/{rel}","templated":true}]}}