{"id":550,"date":"2025-05-22T10:21:16","date_gmt":"2025-05-22T10:21:16","guid":{"rendered":"https:\/\/danielavm.es\/?page_id=550"},"modified":"2025-12-09T08:49:59","modified_gmt":"2025-12-09T08:49:59","slug":"inicio","status":"publish","type":"page","link":"https:\/\/danielavm.es\/en\/","title":{"rendered":"Inicio"},"content":{"rendered":"\t\t<div data-elementor-type=\"wp-page\" data-elementor-id=\"550\" class=\"elementor elementor-550\" data-elementor-post-type=\"page\">\n\t\t\t\t<div class=\"elementor-element elementor-element-53f6a75 e-con-full e-flex e-con e-parent\" data-id=\"53f6a75\" data-element_type=\"container\" data-e-type=\"container\" data-settings=\"{&quot;sticky&quot;:&quot;top&quot;,&quot;sticky_on&quot;:[&quot;mobile&quot;],&quot;sticky_offset&quot;:0,&quot;sticky_effects_offset&quot;:0,&quot;sticky_anchor_link_offset&quot;:0}\">\n\t\t<div class=\"elementor-element elementor-element-a9025bd e-con-full elementor-hidden-desktop elementor-hidden-tablet e-flex e-con e-child\" data-id=\"a9025bd\" data-element_type=\"container\" data-e-type=\"container\" data-settings=\"{&quot;background_background&quot;:&quot;slideshow&quot;,&quot;background_slideshow_gallery&quot;:[{&quot;id&quot;:6783,&quot;url&quot;:&quot;https:\\\/\\\/danielavm.es\\\/wp-content\\\/uploads\\\/2025\\\/10\\\/Recurso-7@72x.webp&quot;},{&quot;id&quot;:1074,&quot;url&quot;:&quot;https:\\\/\\\/danielavm.es\\\/wp-content\\\/uploads\\\/2025\\\/05\\\/f-1080-1920.webp&quot;},{&quot;id&quot;:1075,&quot;url&quot;:&quot;https:\\\/\\\/danielavm.es\\\/wp-content\\\/uploads\\\/2025\\\/05\\\/n-1080-1920.webp&quot;},{&quot;id&quot;:1073,&quot;url&quot;:&quot;https:\\\/\\\/danielavm.es\\\/wp-content\\\/uploads\\\/2025\\\/05\\\/t-1080-1920.webp&quot;},{&quot;id&quot;:1078,&quot;url&quot;:&quot;https:\\\/\\\/danielavm.es\\\/wp-content\\\/uploads\\\/2025\\\/05\\\/a-1080-1920-scaled.webp&quot;},{&quot;id&quot;:6782,&quot;url&quot;:&quot;https:\\\/\\\/danielavm.es\\\/wp-content\\\/uploads\\\/2025\\\/10\\\/Recurso-8@72x.webp&quot;},{&quot;id&quot;:1077,&quot;url&quot;:&quot;https:\\\/\\\/danielavm.es\\\/wp-content\\\/uploads\\\/2025\\\/05\\\/t2-1080-1920.webp&quot;},{&quot;id&quot;:1076,&quot;url&quot;:&quot;https:\\\/\\\/danielavm.es\\\/wp-content\\\/uploads\\\/2025\\\/05\\\/c-1080-1920.webp&quot;},{&quot;id&quot;:1084,&quot;url&quot;:&quot;https:\\\/\\\/danielavm.es\\\/wp-content\\\/uploads\\\/2025\\\/05\\\/a5-1080-1920-scaled.webp&quot;},{&quot;id&quot;:251,&quot;url&quot;:&quot;https:\\\/\\\/danielavm.es\\\/wp-content\\\/uploads\\\/2025\\\/05\\\/img_2763_1_5x-scaled.webp&quot;},{&quot;id&quot;:250,&quot;url&quot;:&quot;https:\\\/\\\/danielavm.es\\\/wp-content\\\/uploads\\\/2025\\\/05\\\/img_2762_1_5x-scaled.webp&quot;},{&quot;id&quot;:1082,&quot;url&quot;:&quot;https:\\\/\\\/danielavm.es\\\/wp-content\\\/uploads\\\/2025\\\/05\\\/a4-1080-1920-scaled.webp&quot;},{&quot;id&quot;:1081,&quot;url&quot;:&quot;https:\\\/\\\/danielavm.es\\\/wp-content\\\/uploads\\\/2025\\\/05\\\/c2-1080-1920.webp&quot;},{&quot;id&quot;:1079,&quot;url&quot;:&quot;https:\\\/\\\/danielavm.es\\\/wp-content\\\/uploads\\\/2025\\\/05\\\/a2-1080-1920.webp&quot;},{&quot;id&quot;:1083,&quot;url&quot;:&quot;https:\\\/\\\/danielavm.es\\\/wp-content\\\/uploads\\\/2025\\\/05\\\/f2-1080-1920.webp&quot;},{&quot;id&quot;:1091,&quot;url&quot;:&quot;https:\\\/\\\/danielavm.es\\\/wp-content\\\/uploads\\\/2025\\\/05\\\/4fe9f85f_9ebb_4c1b_b6f7_c795912d4da5_1_5x-scaled.webp&quot;},{&quot;id&quot;:1080,&quot;url&quot;:&quot;https:\\\/\\\/danielavm.es\\\/wp-content\\\/uploads\\\/2025\\\/05\\\/a3-1080-1920-scaled.webp&quot;}],&quot;background_slideshow_slide_duration&quot;:3000,&quot;background_slideshow_transition_duration&quot;:1000,&quot;background_slideshow_loop&quot;:&quot;yes&quot;,&quot;background_slideshow_slide_transition&quot;:&quot;fade&quot;}\">\n\t\t\t\t<div class=\"elementor-element elementor-element-069bb3f elementor-widget elementor-widget-heading\" data-id=\"069bb3f\" data-element_type=\"widget\" data-e-type=\"widget\" data-widget_type=\"heading.default\">\n\t\t\t\t<div class=\"elementor-widget-container\">\n\t\t\t\t\t<h2 class=\"elementor-heading-title elementor-size-default\">Daniela Vanegas Molina<\/h2>\t\t\t\t<\/div>\n\t\t\t\t<\/div>\n\t\t\t\t<div class=\"elementor-element elementor-element-81cdea5 elementor-widget elementor-widget-heading\" data-id=\"81cdea5\" data-element_type=\"widget\" data-e-type=\"widget\" data-widget_type=\"heading.default\">\n\t\t\t\t<div class=\"elementor-widget-container\">\n\t\t\t\t\t<h2 class=\"elementor-heading-title elementor-size-default\">Dise\u00f1o de producto<\/h2>\t\t\t\t<\/div>\n\t\t\t\t<\/div>\n\t\t\t\t<\/div>\n\t\t\t\t<\/div>\n\t\t<div class=\"elementor-element elementor-element-a764bda e-con-full elementor-hidden-mobile e-flex e-con e-parent\" data-id=\"a764bda\" data-element_type=\"container\" data-e-type=\"container\">\n\t\t<div class=\"elementor-element elementor-element-408c961 e-con-full e-flex e-con e-child\" data-id=\"408c961\" data-element_type=\"container\" data-e-type=\"container\" data-settings=\"{&quot;background_background&quot;:&quot;slideshow&quot;,&quot;background_slideshow_gallery&quot;:[{&quot;id&quot;:6705,&quot;url&quot;:&quot;https:\\\/\\\/danielavm.es\\\/wp-content\\\/uploads\\\/2025\\\/10\\\/Recurso-6@72x-scaled.webp&quot;},{&quot;id&quot;:1039,&quot;url&quot;:&quot;https:\\\/\\\/danielavm.es\\\/wp-content\\\/uploads\\\/2025\\\/05\\\/t2-1920-1080.webp&quot;},{&quot;id&quot;:1040,&quot;url&quot;:&quot;https:\\\/\\\/danielavm.es\\\/wp-content\\\/uploads\\\/2025\\\/05\\\/f2-1920-1080-scaled.webp&quot;},{&quot;id&quot;:1041,&quot;url&quot;:&quot;https:\\\/\\\/danielavm.es\\\/wp-content\\\/uploads\\\/2025\\\/05\\\/n2-1920-1080-scaled.webp&quot;},{&quot;id&quot;:1043,&quot;url&quot;:&quot;https:\\\/\\\/danielavm.es\\\/wp-content\\\/uploads\\\/2025\\\/05\\\/t-1920-1080.webp&quot;},{&quot;id&quot;:1044,&quot;url&quot;:&quot;https:\\\/\\\/danielavm.es\\\/wp-content\\\/uploads\\\/2025\\\/05\\\/a7-1920-1080-scaled.webp&quot;},{&quot;id&quot;:6706,&quot;url&quot;:&quot;https:\\\/\\\/danielavm.es\\\/wp-content\\\/uploads\\\/2025\\\/10\\\/Recurso-5@72x-scaled.webp&quot;},{&quot;id&quot;:1046,&quot;url&quot;:&quot;https:\\\/\\\/danielavm.es\\\/wp-content\\\/uploads\\\/2025\\\/05\\\/a5-1920-1080-scaled.webp&quot;},{&quot;id&quot;:1042,&quot;url&quot;:&quot;https:\\\/\\\/danielavm.es\\\/wp-content\\\/uploads\\\/2025\\\/05\\\/c2-1920-1080-scaled.webp&quot;},{&quot;id&quot;:1050,&quot;url&quot;:&quot;https:\\\/\\\/danielavm.es\\\/wp-content\\\/uploads\\\/2025\\\/05\\\/a3-1920-1080-scaled.webp&quot;},{&quot;id&quot;:1049,&quot;url&quot;:&quot;https:\\\/\\\/danielavm.es\\\/wp-content\\\/uploads\\\/2025\\\/05\\\/a4-1920-1080-scaled.webp&quot;},{&quot;id&quot;:1053,&quot;url&quot;:&quot;https:\\\/\\\/danielavm.es\\\/wp-content\\\/uploads\\\/2025\\\/05\\\/a-1920-1080-scaled.webp&quot;},{&quot;id&quot;:1048,&quot;url&quot;:&quot;https:\\\/\\\/danielavm.es\\\/wp-content\\\/uploads\\\/2025\\\/05\\\/c-1920-1080-scaled.webp&quot;},{&quot;id&quot;:6673,&quot;url&quot;:&quot;https:\\\/\\\/danielavm.es\\\/wp-content\\\/uploads\\\/2025\\\/10\\\/Recurso-1@72x-scaled.webp&quot;},{&quot;id&quot;:1045,&quot;url&quot;:&quot;https:\\\/\\\/danielavm.es\\\/wp-content\\\/uploads\\\/2025\\\/05\\\/a6-1920-1080-scaled.webp&quot;},{&quot;id&quot;:1047,&quot;url&quot;:&quot;https:\\\/\\\/danielavm.es\\\/wp-content\\\/uploads\\\/2025\\\/05\\\/n-1920-1080-scaled.webp&quot;},{&quot;id&quot;:1051,&quot;url&quot;:&quot;https:\\\/\\\/danielavm.es\\\/wp-content\\\/uploads\\\/2025\\\/05\\\/f-1920-1080-scaled.webp&quot;}],&quot;background_slideshow_slide_duration&quot;:1000,&quot;background_slideshow_transition_duration&quot;:2000,&quot;background_slideshow_loop&quot;:&quot;yes&quot;,&quot;background_slideshow_slide_transition&quot;:&quot;fade&quot;}\">\n\t\t\t\t<div class=\"elementor-element elementor-element-a18055e elementor-widget elementor-widget-heading\" data-id=\"a18055e\" data-element_type=\"widget\" data-e-type=\"widget\" data-widget_type=\"heading.default\">\n\t\t\t\t<div class=\"elementor-widget-container\">\n\t\t\t\t\t<h2 class=\"elementor-heading-title elementor-size-default\">Daniela Vanegas Molina<\/h2>\t\t\t\t<\/div>\n\t\t\t\t<\/div>\n\t\t\t\t<div class=\"elementor-element elementor-element-f076067 elementor-widget elementor-widget-text-editor\" data-id=\"f076067\" data-element_type=\"widget\" data-e-type=\"widget\" data-widget_type=\"text-editor.default\">\n\t\t\t\t<div class=\"elementor-widget-container\">\n\t\t\t\t\t\t\t\t\t<p>Dise\u00f1o de producto<\/p>\t\t\t\t\t\t\t\t<\/div>\n\t\t\t\t<\/div>\n\t\t\t\t<\/div>\n\t\t\t\t<\/div>\n\t\t<div class=\"elementor-element elementor-element-21dc324 e-con-full elementor-hidden-mobile elementor-hidden-desktop e-flex e-con e-parent\" data-id=\"21dc324\" data-element_type=\"container\" data-e-type=\"container\">\n\t\t<div class=\"elementor-element elementor-element-e3a54a0 e-con-full e-flex e-con e-child\" data-id=\"e3a54a0\" data-element_type=\"container\" data-e-type=\"container\" data-settings=\"{&quot;background_background&quot;:&quot;slideshow&quot;,&quot;background_slideshow_gallery&quot;:[{&quot;id&quot;:1053,&quot;url&quot;:&quot;https:\\\/\\\/danielavm.es\\\/wp-content\\\/uploads\\\/2025\\\/05\\\/a-1920-1080-scaled.webp&quot;},{&quot;id&quot;:1039,&quot;url&quot;:&quot;https:\\\/\\\/danielavm.es\\\/wp-content\\\/uploads\\\/2025\\\/05\\\/t2-1920-1080.webp&quot;},{&quot;id&quot;:6705,&quot;url&quot;:&quot;https:\\\/\\\/danielavm.es\\\/wp-content\\\/uploads\\\/2025\\\/10\\\/Recurso-6@72x-scaled.webp&quot;},{&quot;id&quot;:1052,&quot;url&quot;:&quot;https:\\\/\\\/danielavm.es\\\/wp-content\\\/uploads\\\/2025\\\/05\\\/a2-1920-1080-scaled.webp&quot;},{&quot;id&quot;:1040,&quot;url&quot;:&quot;https:\\\/\\\/danielavm.es\\\/wp-content\\\/uploads\\\/2025\\\/05\\\/f2-1920-1080-scaled.webp&quot;},{&quot;id&quot;:1041,&quot;url&quot;:&quot;https:\\\/\\\/danielavm.es\\\/wp-content\\\/uploads\\\/2025\\\/05\\\/n2-1920-1080-scaled.webp&quot;},{&quot;id&quot;:1044,&quot;url&quot;:&quot;https:\\\/\\\/danielavm.es\\\/wp-content\\\/uploads\\\/2025\\\/05\\\/a7-1920-1080-scaled.webp&quot;},{&quot;id&quot;:1043,&quot;url&quot;:&quot;https:\\\/\\\/danielavm.es\\\/wp-content\\\/uploads\\\/2025\\\/05\\\/t-1920-1080.webp&quot;},{&quot;id&quot;:1046,&quot;url&quot;:&quot;https:\\\/\\\/danielavm.es\\\/wp-content\\\/uploads\\\/2025\\\/05\\\/a5-1920-1080-scaled.webp&quot;},{&quot;id&quot;:6706,&quot;url&quot;:&quot;https:\\\/\\\/danielavm.es\\\/wp-content\\\/uploads\\\/2025\\\/10\\\/Recurso-5@72x-scaled.webp&quot;},{&quot;id&quot;:1050,&quot;url&quot;:&quot;https:\\\/\\\/danielavm.es\\\/wp-content\\\/uploads\\\/2025\\\/05\\\/a3-1920-1080-scaled.webp&quot;},{&quot;id&quot;:1042,&quot;url&quot;:&quot;https:\\\/\\\/danielavm.es\\\/wp-content\\\/uploads\\\/2025\\\/05\\\/c2-1920-1080-scaled.webp&quot;},{&quot;id&quot;:1049,&quot;url&quot;:&quot;https:\\\/\\\/danielavm.es\\\/wp-content\\\/uploads\\\/2025\\\/05\\\/a4-1920-1080-scaled.webp&quot;},{&quot;id&quot;:1048,&quot;url&quot;:&quot;https:\\\/\\\/danielavm.es\\\/wp-content\\\/uploads\\\/2025\\\/05\\\/c-1920-1080-scaled.webp&quot;},{&quot;id&quot;:6673,&quot;url&quot;:&quot;https:\\\/\\\/danielavm.es\\\/wp-content\\\/uploads\\\/2025\\\/10\\\/Recurso-1@72x-scaled.webp&quot;},{&quot;id&quot;:1045,&quot;url&quot;:&quot;https:\\\/\\\/danielavm.es\\\/wp-content\\\/uploads\\\/2025\\\/05\\\/a6-1920-1080-scaled.webp&quot;},{&quot;id&quot;:1047,&quot;url&quot;:&quot;https:\\\/\\\/danielavm.es\\\/wp-content\\\/uploads\\\/2025\\\/05\\\/n-1920-1080-scaled.webp&quot;},{&quot;id&quot;:1051,&quot;url&quot;:&quot;https:\\\/\\\/danielavm.es\\\/wp-content\\\/uploads\\\/2025\\\/05\\\/f-1920-1080-scaled.webp&quot;}],&quot;background_slideshow_slide_duration&quot;:1000,&quot;background_slideshow_transition_duration&quot;:2000,&quot;background_slideshow_loop&quot;:&quot;yes&quot;,&quot;background_slideshow_slide_transition&quot;:&quot;fade&quot;}\">\n\t\t\t\t<div class=\"elementor-element elementor-element-233953c elementor-widget elementor-widget-heading\" data-id=\"233953c\" data-element_type=\"widget\" data-e-type=\"widget\" data-widget_type=\"heading.default\">\n\t\t\t\t<div class=\"elementor-widget-container\">\n\t\t\t\t\t<h2 class=\"elementor-heading-title elementor-size-default\">Daniela Vanegas Molina<\/h2>\t\t\t\t<\/div>\n\t\t\t\t<\/div>\n\t\t\t\t<div class=\"elementor-element elementor-element-67e6954 elementor-widget elementor-widget-text-editor\" data-id=\"67e6954\" data-element_type=\"widget\" data-e-type=\"widget\" data-widget_type=\"text-editor.default\">\n\t\t\t\t<div class=\"elementor-widget-container\">\n\t\t\t\t\t\t\t\t\t<p>Dise\u00f1o de producto y artesan\u00eda<\/p>\t\t\t\t\t\t\t\t<\/div>\n\t\t\t\t<\/div>\n\t\t\t\t<\/div>\n\t\t\t\t<\/div>\n\t\t\t\t<\/div>\n\t\t","protected":false},"excerpt":{"rendered":"<p>Daniela Vanegas Molina Dise\u00f1o de producto Daniela Vanegas Molina Dise\u00f1o de producto Daniela Vanegas Molina Dise\u00f1o de producto y artesan\u00eda<\/p>","protected":false},"author":1,"featured_media":1046,"parent":0,"menu_order":0,"comment_status":"closed","ping_status":"closed","template":"elementor_header_footer","meta":{"footnotes":""},"class_list":["post-550","page","type-page","status-publish","has-post-thumbnail","hentry"],"_links":{"self":[{"href":"https:\/\/danielavm.es\/en\/wp-json\/wp\/v2\/pages\/550","targetHints":{"allow":["GET"]}}],"collection":[{"href":"https:\/\/danielavm.es\/en\/wp-json\/wp\/v2\/pages"}],"about":[{"href":"https:\/\/danielavm.es\/en\/wp-json\/wp\/v2\/types\/page"}],"author":[{"embeddable":true,"href":"https:\/\/danielavm.es\/en\/wp-json\/wp\/v2\/users\/1"}],"replies":[{"embeddable":true,"href":"https:\/\/danielavm.es\/en\/wp-json\/wp\/v2\/comments?post=550"}],"version-history":[{"count":304,"href":"https:\/\/danielavm.es\/en\/wp-json\/wp\/v2\/pages\/550\/revisions"}],"predecessor-version":[{"id":6876,"href":"https:\/\/danielavm.es\/en\/wp-json\/wp\/v2\/pages\/550\/revisions\/6876"}],"wp:featuredmedia":[{"embeddable":true,"href":"https:\/\/danielavm.es\/en\/wp-json\/wp\/v2\/media\/1046"}],"wp:attachment":[{"href":"https:\/\/danielavm.es\/en\/wp-json\/wp\/v2\/media?parent=550"}],"curies":[{"name":"wp","href":"https:\/\/api.w.org\/{rel}","templated":true}]}}