{"id":12,"date":"2025-05-01T19:08:57","date_gmt":"2025-05-01T19:08:57","guid":{"rendered":"https:\/\/danielavm.es\/?page_id=12"},"modified":"2025-10-30T12:23:10","modified_gmt":"2025-10-30T12:23:10","slug":"proyectos-diseno-de-producto-daniela-vanegas-molina","status":"publish","type":"page","link":"https:\/\/danielavm.es\/en\/proyectos-diseno-de-producto-daniela-vanegas-molina\/","title":{"rendered":"Projects"},"content":{"rendered":"<div data-elementor-type=\"wp-page\" data-elementor-id=\"12\" class=\"elementor elementor-12\" data-elementor-post-type=\"page\">\n\t\t\t\t<div class=\"elementor-element elementor-element-1c51d5cb e-con-full e-flex e-con e-parent\" data-id=\"1c51d5cb\" data-element_type=\"container\" data-e-type=\"container\">\n\t\t<div class=\"elementor-element elementor-element-3857684a e-con-full e-flex e-con e-child\" data-id=\"3857684a\" data-element_type=\"container\" data-e-type=\"container\" data-settings=\"{&quot;background_background&quot;:&quot;classic&quot;}\" selector=\"\">\n\t\t<div class=\"elementor-element elementor-element-54c373b0 e-con-full e-flex e-con e-child\" data-id=\"54c373b0\" data-element_type=\"container\" data-e-type=\"container\" data-settings=\"{&quot;background_background&quot;:&quot;classic&quot;}\">\n\t\t<div class=\"elementor-element elementor-element-5aa17336 e-con-full e-flex e-con e-child\" data-id=\"5aa17336\" data-element_type=\"container\" data-e-type=\"container\" id=\"amaranto-box\" data-settings=\"{&quot;background_background&quot;:&quot;classic&quot;}\">\n\t\t\t\t<div class=\"elementor-element elementor-element-70f75da1 titulo-amaranto elementor-widget elementor-widget-heading\" data-id=\"70f75da1\" data-element_type=\"widget\" data-e-type=\"widget\" data-widget_type=\"heading.default\">\n\t\t\t\t<div class=\"elementor-widget-container\">\n\t\t\t\t\t<h2 class=\"elementor-heading-title elementor-size-default\">Amaranto<\/h2>\t\t\t\t<\/div>\n\t\t\t\t<\/div>\n\t\t\t\t<div class=\"elementor-element elementor-element-648f05a3 titulo-amaranto elementor-widget elementor-widget-text-editor\" data-id=\"648f05a3\" data-element_type=\"widget\" data-e-type=\"widget\" data-widget_type=\"text-editor.default\">\n\t\t\t\t<div class=\"elementor-widget-container\">\n\t\t\t\t\t\t\t\t\t<p>Una colecci\u00f3n para compartir ra\u00edces.\u200b<\/p>\t\t\t\t\t\t\t\t<\/div>\n\t\t\t\t<\/div>\n\t\t\t\t<div class=\"elementor-element elementor-element-46e64d4 titulo-amaranto elementor-widget elementor-widget-text-editor\" data-id=\"46e64d4\" data-element_type=\"widget\" data-e-type=\"widget\" data-widget_type=\"text-editor.default\">\n\t\t\t\t<div class=\"elementor-widget-container\">\n\t\t\t\t\t\t\t\t\t<p>Proyecto en colaboraci\u00f3n: Mariana Duque V\u00e9lez.<\/p><p>Finalistas mejor proyecto de dise\u00f1o de producto 2024 en Esada.<\/p>\t\t\t\t\t\t\t\t<\/div>\n\t\t\t\t<\/div>\n\t\t\t\t<div class=\"elementor-element elementor-element-5dd9cecf elementor-widget elementor-widget-html\" data-id=\"5dd9cecf\" data-element_type=\"widget\" data-e-type=\"widget\" data-widget_type=\"html.default\">\n\t\t\t\t<div class=\"elementor-widget-container\">\n\t\t\t\t\t<script>\ndocument.addEventListener('DOMContentLoaded', function () {\n  const box = document.getElementById('amaranto-box');\n  if (!box) return;\n  box.style.cursor = 'pointer';\n  box.addEventListener('click', function (e) {\n    \/\/ Si el clic fue sobre un enlace interno, que act\u00fae ese enlace\n    if (e.target.closest('a')) return;\n    window.location.href = 'https:\/\/danielavm.es\/amaranto-una-coleccion-para-compartir-raices\/';\n  });\n});\n<\/script>\t\t\t\t<\/div>\n\t\t\t\t<\/div>\n\t\t\t\t<div class=\"elementor-element elementor-element-1030de3b elementor-widget elementor-widget-html\" data-id=\"1030de3b\" data-element_type=\"widget\" data-e-type=\"widget\" data-widget_type=\"html.default\">\n\t\t\t\t<div class=\"elementor-widget-container\">\n\t\t\t\t\t<style>\n\/* T\u00edtulo oculto por defecto *\/\n.titulo-amaranto {\n  opacity: 0;\n  transition: opacity 0.4s ease;\n}\n\n\/* Cuando el rat\u00f3n pasa sobre el contenedor *\/\n#amaranto-box:hover .titulo-amaranto {\n  opacity: 1;\n  color: #ffffff; \/* blanco al activarse *\/\n}\n<\/style>\t\t\t\t<\/div>\n\t\t\t\t<\/div>\n\t\t\t\t<\/div>\n\t\t\t\t<\/div>\n\t\t<div class=\"elementor-element elementor-element-36e4ac98 e-con-full e-flex e-con e-child\" data-id=\"36e4ac98\" data-element_type=\"container\" data-e-type=\"container\" data-settings=\"{&quot;background_background&quot;:&quot;classic&quot;}\">\n\t\t<div class=\"elementor-element elementor-element-1ecfbff8 e-con-full e-flex e-con e-child\" data-id=\"1ecfbff8\" data-element_type=\"container\" data-e-type=\"container\" id=\"nuan-box\" data-settings=\"{&quot;background_background&quot;:&quot;classic&quot;}\">\n\t\t\t\t<div class=\"elementor-element elementor-element-4ed19c36 titulo-nuan elementor-widget elementor-widget-heading\" data-id=\"4ed19c36\" data-element_type=\"widget\" data-e-type=\"widget\" data-widget_type=\"heading.default\">\n\t\t\t\t<div class=\"elementor-widget-container\">\n\t\t\t\t\t<h2 class=\"elementor-heading-title elementor-size-default\">Nuan<\/h2>\t\t\t\t<\/div>\n\t\t\t\t<\/div>\n\t\t\t\t<div class=\"elementor-element elementor-element-40616e2e titulo-nuan elementor-widget elementor-widget-text-editor\" data-id=\"40616e2e\" data-element_type=\"widget\" data-e-type=\"widget\" data-widget_type=\"text-editor.default\">\n\t\t\t\t<div class=\"elementor-widget-container\">\n\t\t\t\t\t\t\t\t\t<p>Experimentar a trav\u00e9s de la reposter\u00eda molecular.<\/p>\t\t\t\t\t\t\t\t<\/div>\n\t\t\t\t<\/div>\n\t\t\t\t<div class=\"elementor-element elementor-element-3c20740b elementor-widget elementor-widget-html\" data-id=\"3c20740b\" data-element_type=\"widget\" data-e-type=\"widget\" data-widget_type=\"html.default\">\n\t\t\t\t<div class=\"elementor-widget-container\">\n\t\t\t\t\t<style>\n\/* T\u00edtulo oculto por defecto *\/\n.titulo-nuan {\n  opacity: 0;\n  transition: opacity 0.4s ease;\n}\n\n\/* Cuando el rat\u00f3n pasa sobre el contenedor con ID nuan-box *\/\n#nuan-box:hover .titulo-nuan {\n  opacity: 1;\n  color: #ffffff; \/* blanco al activarse *\/\n}\n<\/style>\t\t\t\t<\/div>\n\t\t\t\t<\/div>\n\t\t\t\t<div class=\"elementor-element elementor-element-1ee08353 elementor-widget elementor-widget-html\" data-id=\"1ee08353\" data-element_type=\"widget\" data-e-type=\"widget\" data-widget_type=\"html.default\">\n\t\t\t\t<div class=\"elementor-widget-container\">\n\t\t\t\t\t<script>\ndocument.addEventListener('DOMContentLoaded', function () {\n  const box = document.getElementById('nuan-box');\n  if (!box) return;\n  box.style.cursor = 'pointer';\n  box.addEventListener('click', function (e) {\n    \/\/ Si el clic fue sobre un enlace interno, que act\u00fae ese enlace\n    if (e.target.closest('a')) return;\n    window.location.href = 'https:\/\/danielavm.es\/nuan-eexperimentar-la-reposteria-molecular\/';\n  });\n});\n<\/script>\t\t\t\t<\/div>\n\t\t\t\t<\/div>\n\t\t\t\t<\/div>\n\t\t\t\t<\/div>\n\t\t<div class=\"elementor-element elementor-element-7e5fd026 e-con-full e-flex e-con e-child\" data-id=\"7e5fd026\" data-element_type=\"container\" data-e-type=\"container\" data-settings=\"{&quot;background_background&quot;:&quot;classic&quot;}\">\n\t\t<div class=\"elementor-element elementor-element-6bd8ce47 e-con-full e-flex e-con e-child\" data-id=\"6bd8ce47\" data-element_type=\"container\" data-e-type=\"container\" id=\"clasp-box\" data-settings=\"{&quot;background_background&quot;:&quot;classic&quot;}\">\n\t\t\t\t<div class=\"elementor-element elementor-element-c604d62 titulo-clasp elementor-widget elementor-widget-heading\" data-id=\"c604d62\" data-element_type=\"widget\" data-e-type=\"widget\" data-widget_type=\"heading.default\">\n\t\t\t\t<div class=\"elementor-widget-container\">\n\t\t\t\t\t<h2 class=\"elementor-heading-title elementor-size-default\">Clasp.<\/h2>\t\t\t\t<\/div>\n\t\t\t\t<\/div>\n\t\t\t\t<div class=\"elementor-element elementor-element-1a41a6fc titulo-clasp elementor-widget elementor-widget-text-editor\" data-id=\"1a41a6fc\" data-element_type=\"widget\" data-e-type=\"widget\" data-widget_type=\"text-editor.default\">\n\t\t\t\t<div class=\"elementor-widget-container\">\n\t\t\t\t\t\t\t\t\t<p>Construyendo un hogar, en un entorno en movimiento.<\/p>\t\t\t\t\t\t\t\t<\/div>\n\t\t\t\t<\/div>\n\t\t\t\t<div class=\"elementor-element elementor-element-3b5d60eb elementor-widget elementor-widget-html\" data-id=\"3b5d60eb\" data-element_type=\"widget\" data-e-type=\"widget\" data-widget_type=\"html.default\">\n\t\t\t\t<div class=\"elementor-widget-container\">\n\t\t\t\t\t<style>\n\/* T\u00edtulo oculto por defecto *\/\n.titulo-clasp {\n  opacity: 0;\n  transition: opacity 0.4s ease;\n}\n\n\/* Cuando el rat\u00f3n pasa sobre el contenedor *\/\n#clasp-box:hover .titulo-clasp {\n  opacity: 1;\n  color: #ffffff; \/* blanco al activarse *\/\n}\n<\/style>\t\t\t\t<\/div>\n\t\t\t\t<\/div>\n\t\t\t\t<div class=\"elementor-element elementor-element-1637de23 elementor-widget elementor-widget-html\" data-id=\"1637de23\" data-element_type=\"widget\" data-e-type=\"widget\" data-widget_type=\"html.default\">\n\t\t\t\t<div class=\"elementor-widget-container\">\n\t\t\t\t\t<script>\ndocument.addEventListener('DOMContentLoaded', function () {\n  const box = document.getElementById('clasp-box');\n  if (!box) return;\n  box.style.cursor = 'pointer';\n  box.addEventListener('click', function (e) {\n    \/\/ Si el clic fue sobre un enlace interno, que act\u00fae ese enlace\n    if (e.target.closest('a')) return;\n    window.location.href = 'https:\/\/danielavm.es\/clasp-redisenar-el-hogar-en-movimiento-para-refugiado\/';\n  });\n});\n<\/script>\t\t\t\t<\/div>\n\t\t\t\t<\/div>\n\t\t\t\t<\/div>\n\t\t\t\t<\/div>\n\t\t\t\t<\/div>\n\t\t\t\t<\/div>\n\t\t<div class=\"elementor-element elementor-element-29bafb63 e-con-full e-flex e-con e-parent\" data-id=\"29bafb63\" data-element_type=\"container\" data-e-type=\"container\">\n\t\t<div class=\"elementor-element elementor-element-7fe80540 e-con-full e-flex e-con e-child\" data-id=\"7fe80540\" data-element_type=\"container\" data-e-type=\"container\" data-settings=\"{&quot;background_background&quot;:&quot;classic&quot;}\" selector=\"\">\n\t\t<div class=\"elementor-element elementor-element-2d6f2c7 e-con-full e-flex e-con e-child\" data-id=\"2d6f2c7\" data-element_type=\"container\" data-e-type=\"container\" data-settings=\"{&quot;background_background&quot;:&quot;classic&quot;}\">\n\t\t<div class=\"elementor-element elementor-element-3336a282 e-con-full e-flex e-con e-child\" data-id=\"3336a282\" data-element_type=\"container\" data-e-type=\"container\" id=\"funlab-box\" data-settings=\"{&quot;background_background&quot;:&quot;classic&quot;}\">\n\t\t\t\t<div class=\"elementor-element elementor-element-61103a2d titulo-funlab elementor-widget elementor-widget-heading\" data-id=\"61103a2d\" data-element_type=\"widget\" data-e-type=\"widget\" data-widget_type=\"heading.default\">\n\t\t\t\t<div class=\"elementor-widget-container\">\n\t\t\t\t\t<h2 class=\"elementor-heading-title elementor-size-default\">Fun Lab<\/h2>\t\t\t\t<\/div>\n\t\t\t\t<\/div>\n\t\t\t\t<div class=\"elementor-element elementor-element-2d22d192 titulo-funlab elementor-widget elementor-widget-text-editor\" data-id=\"2d22d192\" data-element_type=\"widget\" data-e-type=\"widget\" data-widget_type=\"text-editor.default\">\n\t\t\t\t<div class=\"elementor-widget-container\">\n\t\t\t\t\t\t\t\t\t<p>Jugar a crear, para aprender a transmitir.<\/p>\t\t\t\t\t\t\t\t<\/div>\n\t\t\t\t<\/div>\n\t\t\t\t<div class=\"elementor-element elementor-element-6cfc1e3 elementor-widget elementor-widget-html\" data-id=\"6cfc1e3\" data-element_type=\"widget\" data-e-type=\"widget\" data-widget_type=\"html.default\">\n\t\t\t\t<div class=\"elementor-widget-container\">\n\t\t\t\t\t<style>\n\/* T\u00edtulo oculto por defecto *\/\n.titulo-funlab {\n  opacity: 0;\n  transition: opacity 0.4s ease;\n}\n\n\/* Cuando el rat\u00f3n pasa sobre el contenedor con ID funlab-box *\/\n#funlab-box:hover .titulo-funlab {\n  opacity: 1;\n  color: #ffffff; \/* blanco al activarse *\/\n}\n<\/style>\t\t\t\t<\/div>\n\t\t\t\t<\/div>\n\t\t\t\t<div class=\"elementor-element elementor-element-78029d65 elementor-widget elementor-widget-html\" data-id=\"78029d65\" data-element_type=\"widget\" data-e-type=\"widget\" data-widget_type=\"html.default\">\n\t\t\t\t<div class=\"elementor-widget-container\">\n\t\t\t\t\t<script>\ndocument.addEventListener('DOMContentLoaded', function () {\n  const box = document.getElementById('funlab-box');\n  if (!box) return;\n  box.style.cursor = 'pointer';\n  box.addEventListener('click', function (e) {\n    \/\/ Si el clic fue sobre un enlace interno, que act\u00fae ese enlace\n    if (e.target.closest('a')) return;\n    window.location.href = 'https:\/\/danielavm.es\/funlab-juguete-interactivo-de-madera-para-ninos\/';\n  });\n});\n<\/script>\t\t\t\t<\/div>\n\t\t\t\t<\/div>\n\t\t\t\t<\/div>\n\t\t\t\t<\/div>\n\t\t<div class=\"elementor-element elementor-element-74642df7 e-con-full e-flex e-con e-child\" data-id=\"74642df7\" data-element_type=\"container\" data-e-type=\"container\" data-settings=\"{&quot;background_background&quot;:&quot;classic&quot;}\">\n\t\t<div class=\"elementor-element elementor-element-57ff5a79 e-con-full e-flex e-con e-child\" data-id=\"57ff5a79\" data-element_type=\"container\" data-e-type=\"container\" id=\"nimbus-box\" data-settings=\"{&quot;background_background&quot;:&quot;classic&quot;}\">\n\t\t\t\t<div class=\"elementor-element elementor-element-2233738 titulo-nimbus elementor-widget elementor-widget-heading\" data-id=\"2233738\" data-element_type=\"widget\" data-e-type=\"widget\" data-widget_type=\"heading.default\">\n\t\t\t\t<div class=\"elementor-widget-container\">\n\t\t\t\t\t<h2 class=\"elementor-heading-title elementor-size-default\">Nimbus<\/h2>\t\t\t\t<\/div>\n\t\t\t\t<\/div>\n\t\t\t\t<div class=\"elementor-element elementor-element-6d487520 titulo-nimbus elementor-widget elementor-widget-text-editor\" data-id=\"6d487520\" data-element_type=\"widget\" data-e-type=\"widget\" data-widget_type=\"text-editor.default\">\n\t\t\t\t<div class=\"elementor-widget-container\">\n\t\t\t\t\t\t\t\t\t<p>Dejando huella en cada paso.<\/p><p>Proyecto en colaboraci\u00f3n: Mariana Duque V\u00e9lez.<\/p>\t\t\t\t\t\t\t\t<\/div>\n\t\t\t\t<\/div>\n\t\t\t\t<div class=\"elementor-element elementor-element-7c38dbdf elementor-widget elementor-widget-html\" data-id=\"7c38dbdf\" data-element_type=\"widget\" data-e-type=\"widget\" data-widget_type=\"html.default\">\n\t\t\t\t<div class=\"elementor-widget-container\">\n\t\t\t\t\t<style>\n\/* T\u00edtulo oculto por defecto *\/\n.titulo-nimbus {\n  opacity: 0;\n  transition: opacity 0.4s ease;\n}\n\n\/* Cuando el rat\u00f3n pasa sobre el contenedor con ID nimbus-box *\/\n#nimbus-box:hover .titulo-nimbus {\n  opacity: 1;\n  color: #ffffff; \/* blanco al activarse *\/\n}\n<\/style>\t\t\t\t<\/div>\n\t\t\t\t<\/div>\n\t\t\t\t<div class=\"elementor-element elementor-element-58059982 elementor-widget elementor-widget-html\" data-id=\"58059982\" data-element_type=\"widget\" data-e-type=\"widget\" data-widget_type=\"html.default\">\n\t\t\t\t<div class=\"elementor-widget-container\">\n\t\t\t\t\t<script>\ndocument.addEventListener('DOMContentLoaded', function () {\n  const box = document.getElementById('nimbus-box');\n  if (!box) return;\n  box.style.cursor = 'pointer';\n  box.addEventListener('click', function (e) {\n    \/\/ Si el clic fue sobre un enlace interno, que act\u00fae ese enlace\n    if (e.target.closest('a')) return;\n    window.location.href = 'https:\/\/danielavm.es\/nimbus-zapato-que-deja-huella-y-recuerda-lo-olvidado\/';\n  });\n});\n<\/script>\t\t\t\t<\/div>\n\t\t\t\t<\/div>\n\t\t\t\t<\/div>\n\t\t\t\t<\/div>\n\t\t<div class=\"elementor-element elementor-element-c1af8d3 e-con-full e-flex e-con e-child\" data-id=\"c1af8d3\" data-element_type=\"container\" data-e-type=\"container\" data-settings=\"{&quot;background_background&quot;:&quot;classic&quot;}\">\n\t\t<div class=\"elementor-element elementor-element-6ae4bc95 e-con-full e-flex e-con e-child\" data-id=\"6ae4bc95\" data-element_type=\"container\" data-e-type=\"container\" id=\"tucurinca-box\" data-settings=\"{&quot;background_background&quot;:&quot;classic&quot;}\">\n\t\t\t\t<div class=\"elementor-element elementor-element-74aeeeb8 titulo-tucurinca elementor-widget elementor-widget-heading\" data-id=\"74aeeeb8\" data-element_type=\"widget\" data-e-type=\"widget\" data-widget_type=\"heading.default\">\n\t\t\t\t<div class=\"elementor-widget-container\">\n\t\t\t\t\t<h2 class=\"elementor-heading-title elementor-size-default\">Tucurinca<\/h2>\t\t\t\t<\/div>\n\t\t\t\t<\/div>\n\t\t\t\t<div class=\"elementor-element elementor-element-388c62dd titulo-tucurinca elementor-widget elementor-widget-text-editor\" data-id=\"388c62dd\" data-element_type=\"widget\" data-e-type=\"widget\" data-widget_type=\"text-editor.default\">\n\t\t\t\t<div class=\"elementor-widget-container\">\n\t\t\t\t\t\t\t\t\t<p>Una colecci\u00f3n que va m\u00e1s all\u00e1 de los objetos.<\/p>\t\t\t\t\t\t\t\t<\/div>\n\t\t\t\t<\/div>\n\t\t\t\t<div class=\"elementor-element elementor-element-e99abba titulo-tucurinca elementor-widget elementor-widget-text-editor\" data-id=\"e99abba\" data-element_type=\"widget\" data-e-type=\"widget\" data-widget_type=\"text-editor.default\">\n\t\t\t\t<div class=\"elementor-widget-container\">\n\t\t\t\t\t\t\t\t\t<p>Finalista mejor proyecto novel de dise\u00f1o de producto 2023 de Esada.<\/p>\t\t\t\t\t\t\t\t<\/div>\n\t\t\t\t<\/div>\n\t\t\t\t<div class=\"elementor-element elementor-element-45654d30 elementor-widget elementor-widget-html\" data-id=\"45654d30\" data-element_type=\"widget\" data-e-type=\"widget\" data-widget_type=\"html.default\">\n\t\t\t\t<div class=\"elementor-widget-container\">\n\t\t\t\t\t<style>\n\/* T\u00edtulo oculto por defecto *\/\n.titulo-tucurinca {\n  opacity: 0;\n  transition: opacity 0.4s ease;\n}\n\n\/* Cuando el rat\u00f3n pasa sobre el contenedor con ID tucurinca-box *\/\n#tucurinca-box:hover .titulo-tucurinca {\n  opacity: 1;\n  color: #ffffff; \/* blanco al activarse *\/\n}\n<\/style>\t\t\t\t<\/div>\n\t\t\t\t<\/div>\n\t\t\t\t<div class=\"elementor-element elementor-element-1abd665f elementor-widget elementor-widget-html\" data-id=\"1abd665f\" data-element_type=\"widget\" data-e-type=\"widget\" data-widget_type=\"html.default\">\n\t\t\t\t<div class=\"elementor-widget-container\">\n\t\t\t\t\t<script>\ndocument.addEventListener('DOMContentLoaded', function () {\n  const box = document.getElementById('tucurinca-box');\n  if (!box) return;\n  box.style.cursor = 'pointer';\n  box.addEventListener('click', function (e) {\n    \/\/ Si el clic fue sobre un enlace interno, que act\u00fae ese enlace\n    if (e.target.closest('a')) return;\n    window.location.href = 'https:\/\/danielavm.es\/tucurinca-cultura-e-identidad-que-trascienden\/';\n  });\n});\n<\/script>\t\t\t\t<\/div>\n\t\t\t\t<\/div>\n\t\t\t\t<\/div>\n\t\t\t\t<\/div>\n\t\t\t\t<\/div>\n\t\t\t\t<\/div>\n\t\t\t\t<\/div>","protected":false},"excerpt":{"rendered":"<p>Amaranto Una colecci\u00f3n para compartir ra\u00edces.\u200b Proyecto en colaboraci\u00f3n: Mariana Duque V\u00e9lez. Finalistas mejor proyecto de dise\u00f1o de producto 2024 en Esada. Nuan Experimentar a trav\u00e9s de la reposter\u00eda molecular. Clasp. Construyendo un hogar, en un entorno en movimiento. Fun Lab Jugar a crear, para aprender a transmitir. Nimbus Dejando huella en cada paso. Proyecto [&hellip;]<\/p>\n","protected":false},"author":1,"featured_media":1053,"parent":0,"menu_order":0,"comment_status":"closed","ping_status":"closed","template":"","meta":{"footnotes":""},"class_list":["post-12","page","type-page","status-publish","has-post-thumbnail","hentry"],"_links":{"self":[{"href":"https:\/\/danielavm.es\/en\/wp-json\/wp\/v2\/pages\/12","targetHints":{"allow":["GET"]}}],"collection":[{"href":"https:\/\/danielavm.es\/en\/wp-json\/wp\/v2\/pages"}],"about":[{"href":"https:\/\/danielavm.es\/en\/wp-json\/wp\/v2\/types\/page"}],"author":[{"embeddable":true,"href":"https:\/\/danielavm.es\/en\/wp-json\/wp\/v2\/users\/1"}],"replies":[{"embeddable":true,"href":"https:\/\/danielavm.es\/en\/wp-json\/wp\/v2\/comments?post=12"}],"version-history":[{"count":581,"href":"https:\/\/danielavm.es\/en\/wp-json\/wp\/v2\/pages\/12\/revisions"}],"predecessor-version":[{"id":6830,"href":"https:\/\/danielavm.es\/en\/wp-json\/wp\/v2\/pages\/12\/revisions\/6830"}],"wp:featuredmedia":[{"embeddable":true,"href":"https:\/\/danielavm.es\/en\/wp-json\/wp\/v2\/media\/1053"}],"wp:attachment":[{"href":"https:\/\/danielavm.es\/en\/wp-json\/wp\/v2\/media?parent=12"}],"curies":[{"name":"wp","href":"https:\/\/api.w.org\/{rel}","templated":true}]}}